{"id":939,"date":"2024-06-25T16:07:35","date_gmt":"2024-06-25T16:07:35","guid":{"rendered":"https:\/\/laulaucomunica.com\/?page_id=939"},"modified":"2025-09-17T10:39:41","modified_gmt":"2025-09-17T10:39:41","slug":"evolve-by-prestige-tech","status":"publish","type":"page","link":"https:\/\/laulaucomunica.com\/en\/evolve-by-prestige-tech\/","title":{"rendered":"Evolve by Prestige Tech"},"content":{"rendered":"<div data-elementor-type=\"wp-page\" data-elementor-id=\"939\" class=\"elementor elementor-939\" data-elementor-post-type=\"page\">\n\t\t\t\t<div class=\"elementor-element elementor-element-1a2c8ad e-con-full e-flex e-con e-parent\" data-id=\"1a2c8ad\" data-element_type=\"container\" data-e-type=\"container\" data-settings=\"{&quot;background_background&quot;:&quot;classic&quot;}\">\n\t\t<div class=\"elementor-element elementor-element-5cde7cd e-con-full e-flex e-con e-child\" data-id=\"5cde7cd\" data-element_type=\"container\" data-e-type=\"container\">\n\t\t\t\t<\/div>\n\t\t<div class=\"elementor-element elementor-element-7b4a727 e-con-full e-flex e-con e-child\" data-id=\"7b4a727\" data-element_type=\"container\" data-e-type=\"container\">\n\t\t<div class=\"elementor-element elementor-element-bcba1f3 e-flex e-con-boxed e-con e-child\" data-id=\"bcba1f3\" data-element_type=\"container\" data-e-type=\"container\">\n\t\t\t\t\t<div class=\"e-con-inner\">\n\t\t<div class=\"elementor-element elementor-element-545e57f e-flex e-con-boxed e-con e-child\" data-id=\"545e57f\" data-element_type=\"container\" data-e-type=\"container\">\n\t\t\t\t\t<div class=\"e-con-inner\">\n\t\t\t\t<div class=\"elementor-element elementor-element-4ae9fdc elementor-widget elementor-widget-text-editor\" data-id=\"4ae9fdc\" data-element_type=\"widget\" data-e-type=\"widget\" data-widget_type=\"text-editor.default\">\n\t\t\t\t<div class=\"elementor-widget-container\">\n\t\t\t\t\t\t\t\t\t<p class=\"p1\">TECH \u00b7 WELLNESS \u00b7 CONSCIOUSNESS<\/p>\t\t\t\t\t\t\t\t<\/div>\n\t\t\t\t<\/div>\n\t\t\t\t<div class=\"elementor-element elementor-element-50cd0e9 elementor-widget elementor-widget-text-editor\" data-id=\"50cd0e9\" data-element_type=\"widget\" data-e-type=\"widget\" data-widget_type=\"text-editor.default\">\n\t\t\t\t<div class=\"elementor-widget-container\">\n\t\t\t\t\t\t\t\t\t<p class=\"p1\">Evolve by Prestige Tech<span style=\"color: #0bdcba;\">.<\/span><\/p>\t\t\t\t\t\t\t\t<\/div>\n\t\t\t\t<\/div>\n\t\t\t\t\t<\/div>\n\t\t\t\t<\/div>\n\t\t\t\t\t<\/div>\n\t\t\t\t<\/div>\n\t\t\t\t<\/div>\n\t\t<div class=\"elementor-element elementor-element-bd5d2ee e-con-full elementor-hidden-mobile e-flex e-con e-child\" data-id=\"bd5d2ee\" data-element_type=\"container\" data-e-type=\"container\" data-settings=\"{&quot;background_background&quot;:&quot;classic&quot;}\">\n\t\t\t\t<div class=\"elementor-element elementor-element-8ef9459 elementor-widget__width-auto elementor-widget elementor-widget-text-editor\" data-id=\"8ef9459\" data-element_type=\"widget\" data-e-type=\"widget\" data-widget_type=\"text-editor.default\">\n\t\t\t\t<div class=\"elementor-widget-container\">\n\t\t\t\t\t\t\t\t\t<a style=\"color: #ffffff;\" href=\"#servicios-popup\">SERVICES<\/a>\t\t\t\t\t\t\t\t<\/div>\n\t\t\t\t<\/div>\n\t\t\t\t<div class=\"elementor-element elementor-element-2a372a3 elementor-widget__width-auto elementor-widget elementor-widget-text-editor\" data-id=\"2a372a3\" data-element_type=\"widget\" data-e-type=\"widget\" data-widget_type=\"text-editor.default\">\n\t\t\t\t<div class=\"elementor-widget-container\">\n\t\t\t\t\t\t\t\t\t<a style=\"color: #ffffff;\" href=\"#proyectos-popup\">PROJECTS<\/a>\t\t\t\t\t\t\t\t<\/div>\n\t\t\t\t<\/div>\n\t\t\t\t<div class=\"elementor-element elementor-element-2573b30 elementor-widget__width-auto elementor-widget elementor-widget-text-editor\" data-id=\"2573b30\" data-element_type=\"widget\" data-e-type=\"widget\" data-widget_type=\"text-editor.default\">\n\t\t\t\t<div class=\"elementor-widget-container\">\n\t\t\t\t\t\t\t\t\t<a style=\"color: #ffffff;\" href=\"#equipo-popup\">EQUIPMENT<\/a>\t\t\t\t\t\t\t\t<\/div>\n\t\t\t\t<\/div>\n\t\t\t\t<div class=\"elementor-element elementor-element-2107185 elementor-widget__width-auto elementor-widget elementor-widget-text-editor\" data-id=\"2107185\" data-element_type=\"widget\" data-e-type=\"widget\" data-widget_type=\"text-editor.default\">\n\t\t\t\t<div class=\"elementor-widget-container\">\n\t\t\t\t\t\t\t\t\t<p><span style=\"color: #ffffff;\"><a style=\"color: #ffffff;\" href=\"#blog-popup\">BLOG<\/a> <\/span><\/p>\t\t\t\t\t\t\t\t<\/div>\n\t\t\t\t<\/div>\n\t\t\t\t<div class=\"elementor-element elementor-element-5c760dd elementor-widget__width-auto elementor-widget elementor-widget-text-editor\" data-id=\"5c760dd\" data-element_type=\"widget\" data-e-type=\"widget\" data-widget_type=\"text-editor.default\">\n\t\t\t\t<div class=\"elementor-widget-container\">\n\t\t\t\t\t\t\t\t\t<p><span style=\"color: #ffffff;\"><a style=\"color: #ffffff;\" href=\"#contacto-popup\">CONTACT<\/a> <\/span><\/p>\t\t\t\t\t\t\t\t<\/div>\n\t\t\t\t<\/div>\n\t\t\t\t<\/div>\n\t\t\t\t<\/div>\n\t\t<div class=\"elementor-element elementor-element-63427246 e-flex e-con-boxed e-con e-parent\" data-id=\"63427246\" data-element_type=\"container\" data-e-type=\"container\" data-settings=\"{&quot;background_background&quot;:&quot;classic&quot;}\">\n\t\t\t\t\t<div class=\"e-con-inner\">\n\t\t<div class=\"elementor-element elementor-element-3551a16c e-con-full e-flex e-con e-child\" data-id=\"3551a16c\" data-element_type=\"container\" data-e-type=\"container\">\n\t\t<div class=\"elementor-element elementor-element-4d072b64 e-flex e-con-boxed e-con e-child\" data-id=\"4d072b64\" data-element_type=\"container\" data-e-type=\"container\" data-settings=\"{&quot;background_background&quot;:&quot;classic&quot;}\">\n\t\t\t\t\t<div class=\"e-con-inner\">\n\t\t\t\t\t<\/div>\n\t\t\t\t<\/div>\n\t\t\t\t<\/div>\n\t\t<div class=\"elementor-element elementor-element-128f9b04 e-flex e-con-boxed e-con e-child\" data-id=\"128f9b04\" data-element_type=\"container\" data-e-type=\"container\" data-settings=\"{&quot;background_background&quot;:&quot;classic&quot;}\">\n\t\t\t\t\t<div class=\"e-con-inner\">\n\t\t\t\t<div class=\"elementor-element elementor-element-6dc427d8 elementor-widget elementor-widget-text-editor\" data-id=\"6dc427d8\" data-element_type=\"widget\" data-e-type=\"widget\" data-widget_type=\"text-editor.default\">\n\t\t\t\t<div class=\"elementor-widget-container\">\n\t\t\t\t\t\t\t\t\tSAN DIEGO, CALIFORNIA. USA. <br>\n2023 \u2013 2024\t\t\t\t\t\t\t\t<\/div>\n\t\t\t\t<\/div>\n\t\t\t\t<div class=\"elementor-element elementor-element-3dd16806 elementor-widget elementor-widget-text-editor\" data-id=\"3dd16806\" data-element_type=\"widget\" data-e-type=\"widget\" data-widget_type=\"text-editor.default\">\n\t\t\t\t<div class=\"elementor-widget-container\">\n\t\t\t\t\t\t\t\t\t<p>Services<span style=\"color: #fd1278;\">.<\/span><\/p>\t\t\t\t\t\t\t\t<\/div>\n\t\t\t\t<\/div>\n\t\t\t\t<div class=\"elementor-element elementor-element-40ded468 elementor-widget elementor-widget-text-editor\" data-id=\"40ded468\" data-element_type=\"widget\" data-e-type=\"widget\" data-widget_type=\"text-editor.default\">\n\t\t\t\t<div class=\"elementor-widget-container\">\n\t\t\t\t\t\t\t\t\tBrand strategy review. <br>Branding. Visual Identity. <br>Creative strategy and <br>communication of the event. <br>Web Design.<br> E-shop design and assembly.<br>Instagram Branding.<br> Social media management.\t\t\t\t\t\t\t\t<\/div>\n\t\t\t\t<\/div>\n\t\t\t\t\t<\/div>\n\t\t\t\t<\/div>\n\t\t\t\t\t<\/div>\n\t\t\t\t<\/div>\n\t\t<div class=\"elementor-element elementor-element-29b0a31f e-con-full e-flex e-con e-parent\" data-id=\"29b0a31f\" data-element_type=\"container\" data-e-type=\"container\" data-settings=\"{&quot;background_background&quot;:&quot;classic&quot;}\">\n\t\t<div class=\"elementor-element elementor-element-289dad77 e-con-full elementor-hidden-tablet elementor-hidden-mobile e-flex e-con e-child\" data-id=\"289dad77\" data-element_type=\"container\" data-e-type=\"container\">\n\t\t\t\t<\/div>\n\t\t<div class=\"elementor-element elementor-element-2909d041 e-con-full e-flex e-con e-child\" data-id=\"2909d041\" data-element_type=\"container\" data-e-type=\"container\">\n\t\t\t\t<div class=\"elementor-element elementor-element-5d729ce5 elementor-hidden-desktop elementor-widget elementor-widget-image\" data-id=\"5d729ce5\" data-element_type=\"widget\" data-e-type=\"widget\" data-widget_type=\"image.default\">\n\t\t\t\t<div class=\"elementor-widget-container\">\n\t\t\t\t\t\t\t\t\t\t\t\t\t\t\t<img decoding=\"async\" width=\"400\" height=\"110\" data-src=\"https:\/\/laulaucomunica.com\/wp-content\/uploads\/2024\/06\/el-reto-.png\" class=\"attachment-large size-large wp-image-768 lazyload\" alt=\"\" data-srcset=\"https:\/\/laulaucomunica.com\/wp-content\/uploads\/2024\/06\/el-reto-.png 400w, https:\/\/laulaucomunica.com\/wp-content\/uploads\/2024\/06\/el-reto--300x83.png 300w\" data-sizes=\"(max-width: 400px) 100vw, 400px\" title=\"\" src=\"data:image\/svg+xml;base64,PHN2ZyB3aWR0aD0iMSIgaGVpZ2h0PSIxIiB4bWxucz0iaHR0cDovL3d3dy53My5vcmcvMjAwMC9zdmciPjwvc3ZnPg==\" style=\"--smush-placeholder-width: 400px; --smush-placeholder-aspect-ratio: 400\/110;\">\t\t\t\t\t\t\t\t\t\t\t\t\t\t\t<\/div>\n\t\t\t\t<\/div>\n\t\t\t\t<div class=\"elementor-element elementor-element-4bcf3c30 elementor-widget elementor-widget-text-editor\" data-id=\"4bcf3c30\" data-element_type=\"widget\" data-e-type=\"widget\" data-widget_type=\"text-editor.default\">\n\t\t\t\t<div class=\"elementor-widget-container\">\n\t\t\t\t\t\t\t\t\t<p>Create a creative strategy and visual identity that reflects the concept of &quot;A Journey to the Self,&quot; represented by the lotus flower. Reflect lifestyles that promote global awareness. Connect with people around the world, seeking to position Evolve as a TOP virtual hybrid event. Aim to stand out through innovative and distinctive communication within its category.<\/p>\t\t\t\t\t\t\t\t<\/div>\n\t\t\t\t<\/div>\n\t\t\t\t<\/div>\n\t\t\t\t<\/div>\n\t\t<div class=\"elementor-element elementor-element-5d6d1048 e-flex e-con-boxed e-con e-parent\" data-id=\"5d6d1048\" data-element_type=\"container\" data-e-type=\"container\">\n\t\t\t\t\t<div class=\"e-con-inner\">\n\t\t\t\t<div class=\"elementor-element elementor-element-3d39f5be elementor-widget elementor-widget-image\" data-id=\"3d39f5be\" data-element_type=\"widget\" data-e-type=\"widget\" data-widget_type=\"image.default\">\n\t\t\t\t<div class=\"elementor-widget-container\">\n\t\t\t\t\t\t\t\t\t\t\t\t\t\t\t<img fetchpriority=\"high\" decoding=\"async\" width=\"800\" height=\"460\" src=\"https:\/\/laulaucomunica.com\/wp-content\/uploads\/2024\/06\/evolve-logo.jpg\" class=\"attachment-large size-large wp-image-967\" alt=\"\" srcset=\"https:\/\/laulaucomunica.com\/wp-content\/uploads\/2024\/06\/evolve-logo.jpg 952w, https:\/\/laulaucomunica.com\/wp-content\/uploads\/2024\/06\/evolve-logo-600x345.jpg 600w, https:\/\/laulaucomunica.com\/wp-content\/uploads\/2024\/06\/evolve-logo-300x172.jpg 300w, https:\/\/laulaucomunica.com\/wp-content\/uploads\/2024\/06\/evolve-logo-768x441.jpg 768w\" sizes=\"(max-width: 800px) 100vw, 800px\" title=\"\">\t\t\t\t\t\t\t\t\t\t\t\t\t\t\t<\/div>\n\t\t\t\t<\/div>\n\t\t\t\t\t<\/div>\n\t\t\t\t<\/div>\n\t\t<div class=\"elementor-element elementor-element-1f41d4bc e-con-full e-flex e-con e-parent\" data-id=\"1f41d4bc\" data-element_type=\"container\" data-e-type=\"container\">\n\t\t<div class=\"elementor-element elementor-element-210b819c e-con-full e-flex e-con e-child\" data-id=\"210b819c\" data-element_type=\"container\" data-e-type=\"container\">\n\t\t\t\t<\/div>\n\t\t<div class=\"elementor-element elementor-element-53e31851 e-con-full e-flex e-con e-child\" data-id=\"53e31851\" data-element_type=\"container\" data-e-type=\"container\">\n\t\t\t\t<div class=\"elementor-element elementor-element-10510d29 elementor-hidden-desktop elementor-widget elementor-widget-image\" data-id=\"10510d29\" data-element_type=\"widget\" data-e-type=\"widget\" data-widget_type=\"image.default\">\n\t\t\t\t<div class=\"elementor-widget-container\">\n\t\t\t\t\t\t\t\t\t\t\t\t\t\t\t<img decoding=\"async\" width=\"400\" height=\"110\" data-src=\"https:\/\/laulaucomunica.com\/wp-content\/uploads\/2024\/06\/lo-que-hicimos.png\" class=\"attachment-large size-large wp-image-781 lazyload\" alt=\"\" data-srcset=\"https:\/\/laulaucomunica.com\/wp-content\/uploads\/2024\/06\/lo-que-hicimos.png 400w, https:\/\/laulaucomunica.com\/wp-content\/uploads\/2024\/06\/lo-que-hicimos-300x83.png 300w\" data-sizes=\"(max-width: 400px) 100vw, 400px\" title=\"\" src=\"data:image\/svg+xml;base64,PHN2ZyB3aWR0aD0iMSIgaGVpZ2h0PSIxIiB4bWxucz0iaHR0cDovL3d3dy53My5vcmcvMjAwMC9zdmciPjwvc3ZnPg==\" style=\"--smush-placeholder-width: 400px; --smush-placeholder-aspect-ratio: 400\/110;\">\t\t\t\t\t\t\t\t\t\t\t\t\t\t\t<\/div>\n\t\t\t\t<\/div>\n\t\t\t\t<div class=\"elementor-element elementor-element-45a62023 elementor-widget elementor-widget-text-editor\" data-id=\"45a62023\" data-element_type=\"widget\" data-e-type=\"widget\" data-widget_type=\"text-editor.default\">\n\t\t\t\t<div class=\"elementor-widget-container\">\n\t\t\t\t\t\t\t\t\t<p>We designed a branding, creative, and content strategy aligned with the brand strategy. We identified and leveraged unique opportunities for differentiation so the event would gain recognition, generate interest, and generate trust. This led to our audience becoming loyal subscribers.<\/p>\t\t\t\t\t\t\t\t<\/div>\n\t\t\t\t<\/div>\n\t\t\t\t<\/div>\n\t\t\t\t<\/div>\n\t\t<div class=\"elementor-element elementor-element-7129aff6 e-con-full e-flex e-con e-parent\" data-id=\"7129aff6\" data-element_type=\"container\" data-e-type=\"container\">\n\t\t\t\t<div class=\"elementor-element elementor-element-12bfbec6 elementor-widget elementor-widget-image\" data-id=\"12bfbec6\" data-element_type=\"widget\" data-e-type=\"widget\" data-widget_type=\"image.default\">\n\t\t\t\t<div class=\"elementor-widget-container\">\n\t\t\t\t\t\t\t\t\t\t\t\t\t\t\t<img decoding=\"async\" width=\"952\" height=\"547\" data-src=\"https:\/\/laulaucomunica.com\/wp-content\/uploads\/2024\/06\/evolve-redes.jpg\" class=\"attachment-full size-full wp-image-971 lazyload\" alt=\"\" data-srcset=\"https:\/\/laulaucomunica.com\/wp-content\/uploads\/2024\/06\/evolve-redes.jpg 952w, https:\/\/laulaucomunica.com\/wp-content\/uploads\/2024\/06\/evolve-redes-600x345.jpg 600w, https:\/\/laulaucomunica.com\/wp-content\/uploads\/2024\/06\/evolve-redes-300x172.jpg 300w, https:\/\/laulaucomunica.com\/wp-content\/uploads\/2024\/06\/evolve-redes-768x441.jpg 768w\" data-sizes=\"(max-width: 952px) 100vw, 952px\" title=\"\" src=\"data:image\/svg+xml;base64,PHN2ZyB3aWR0aD0iMSIgaGVpZ2h0PSIxIiB4bWxucz0iaHR0cDovL3d3dy53My5vcmcvMjAwMC9zdmciPjwvc3ZnPg==\" style=\"--smush-placeholder-width: 952px; --smush-placeholder-aspect-ratio: 952\/547;\">\t\t\t\t\t\t\t\t\t\t\t\t\t\t\t<\/div>\n\t\t\t\t<\/div>\n\t\t\t\t<\/div>\n\t\t<div class=\"elementor-element elementor-element-47ca665d e-con-full e-flex e-con e-parent\" data-id=\"47ca665d\" data-element_type=\"container\" data-e-type=\"container\" data-settings=\"{&quot;background_background&quot;:&quot;classic&quot;}\">\n\t\t\t\t<div class=\"elementor-element elementor-element-6765e556 elementor-widget elementor-widget-video\" data-id=\"6765e556\" data-element_type=\"widget\" data-e-type=\"widget\" data-settings=\"{&quot;video_type&quot;:&quot;hosted&quot;,&quot;autoplay&quot;:&quot;yes&quot;,&quot;loop&quot;:&quot;yes&quot;,&quot;play_on_mobile&quot;:&quot;yes&quot;}\" data-widget_type=\"video.default\">\n\t\t\t\t<div class=\"elementor-widget-container\">\n\t\t\t\t\t\t\t<div class=\"e-hosted-video elementor-wrapper elementor-open-inline\">\n\t\t\t\t\t<video class=\"elementor-video\" src=\"https:\/\/laulaucomunica.com\/wp-content\/uploads\/2024\/06\/carrusel-evolve-2.mp4\" autoplay=\"\" loop=\"\" playsinline=\"\" controlslist=\"nodownload\"><\/video>\n\t\t\t\t<\/div>\n\t\t\t\t\t\t<\/div>\n\t\t\t\t<\/div>\n\t\t\t\t<\/div>\n\t\t<div class=\"elementor-element elementor-element-584d6a89 e-flex e-con-boxed e-con e-parent\" data-id=\"584d6a89\" data-element_type=\"container\" data-e-type=\"container\">\n\t\t\t\t\t<div class=\"e-con-inner\">\n\t\t\t\t<div class=\"elementor-element elementor-element-3e792d7e elementor-widget elementor-widget-image\" data-id=\"3e792d7e\" data-element_type=\"widget\" data-e-type=\"widget\" data-widget_type=\"image.default\">\n\t\t\t\t<div class=\"elementor-widget-container\">\n\t\t\t\t\t\t\t\t\t\t\t\t\t\t\t<img decoding=\"async\" width=\"800\" height=\"475\" data-src=\"https:\/\/laulaucomunica.com\/wp-content\/uploads\/2024\/06\/feed-evolve.jpg\" class=\"attachment-large size-large wp-image-983 lazyload\" alt=\"\" data-srcset=\"https:\/\/laulaucomunica.com\/wp-content\/uploads\/2024\/06\/feed-evolve.jpg 979w, https:\/\/laulaucomunica.com\/wp-content\/uploads\/2024\/06\/feed-evolve-600x356.jpg 600w, https:\/\/laulaucomunica.com\/wp-content\/uploads\/2024\/06\/feed-evolve-300x178.jpg 300w, https:\/\/laulaucomunica.com\/wp-content\/uploads\/2024\/06\/feed-evolve-768x456.jpg 768w\" data-sizes=\"(max-width: 800px) 100vw, 800px\" title=\"\" src=\"data:image\/svg+xml;base64,PHN2ZyB3aWR0aD0iMSIgaGVpZ2h0PSIxIiB4bWxucz0iaHR0cDovL3d3dy53My5vcmcvMjAwMC9zdmciPjwvc3ZnPg==\" style=\"--smush-placeholder-width: 800px; --smush-placeholder-aspect-ratio: 800\/475;\">\t\t\t\t\t\t\t\t\t\t\t\t\t\t\t<\/div>\n\t\t\t\t<\/div>\n\t\t\t\t\t<\/div>\n\t\t\t\t<\/div>\n\t\t<div class=\"elementor-element elementor-element-42109807 e-flex e-con-boxed e-con e-parent\" data-id=\"42109807\" data-element_type=\"container\" data-e-type=\"container\" data-settings=\"{&quot;background_background&quot;:&quot;classic&quot;}\">\n\t\t\t\t\t<div class=\"e-con-inner\">\n\t\t\t\t<div class=\"elementor-element elementor-element-4ea276f4 elementor-widget elementor-widget-image\" data-id=\"4ea276f4\" data-element_type=\"widget\" data-e-type=\"widget\" data-widget_type=\"image.default\">\n\t\t\t\t<div class=\"elementor-widget-container\">\n\t\t\t\t\t\t\t\t\t\t\t\t\t\t\t<img decoding=\"async\" width=\"800\" height=\"470\" data-src=\"https:\/\/laulaucomunica.com\/wp-content\/uploads\/2024\/08\/pantallas-web-evolve.jpg\" class=\"attachment-large size-large wp-image-1025 lazyload\" alt=\"\" data-srcset=\"https:\/\/laulaucomunica.com\/wp-content\/uploads\/2024\/08\/pantallas-web-evolve.jpg 850w, https:\/\/laulaucomunica.com\/wp-content\/uploads\/2024\/08\/pantallas-web-evolve-600x352.jpg 600w, https:\/\/laulaucomunica.com\/wp-content\/uploads\/2024\/08\/pantallas-web-evolve-300x176.jpg 300w, https:\/\/laulaucomunica.com\/wp-content\/uploads\/2024\/08\/pantallas-web-evolve-768x451.jpg 768w\" data-sizes=\"(max-width: 800px) 100vw, 800px\" title=\"\" src=\"data:image\/svg+xml;base64,PHN2ZyB3aWR0aD0iMSIgaGVpZ2h0PSIxIiB4bWxucz0iaHR0cDovL3d3dy53My5vcmcvMjAwMC9zdmciPjwvc3ZnPg==\" style=\"--smush-placeholder-width: 800px; --smush-placeholder-aspect-ratio: 800\/470;\">\t\t\t\t\t\t\t\t\t\t\t\t\t\t\t<\/div>\n\t\t\t\t<\/div>\n\t\t\t\t\t<\/div>\n\t\t\t\t<\/div>\n\t\t<div class=\"elementor-element elementor-element-a600571 e-flex e-con-boxed e-con e-parent\" data-id=\"a600571\" data-element_type=\"container\" data-e-type=\"container\" data-settings=\"{&quot;background_background&quot;:&quot;classic&quot;}\">\n\t\t\t\t\t<div class=\"e-con-inner\">\n\t\t\t\t<div class=\"elementor-element elementor-element-218a31df elementor-widget elementor-widget-text-editor\" data-id=\"218a31df\" data-element_type=\"widget\" data-e-type=\"widget\" data-widget_type=\"text-editor.default\">\n\t\t\t\t<div class=\"elementor-widget-container\">\n\t\t\t\t\t\t\t\t\t<p>&quot;Working with LauLau has been an experience of growth and expansion for me. I&#039;ve been able to translate my abstract ideas into a solid concept. They practically make whatever you envision a reality. Laura and her team are fantastic.&quot;<\/p>\t\t\t\t\t\t\t\t<\/div>\n\t\t\t\t<\/div>\n\t\t<div class=\"elementor-element elementor-element-10853dc1 e-con-full e-flex e-con e-child\" data-id=\"10853dc1\" data-element_type=\"container\" data-e-type=\"container\">\n\t\t<div class=\"elementor-element elementor-element-406f3f66 e-flex e-con-boxed e-con e-child\" data-id=\"406f3f66\" data-element_type=\"container\" data-e-type=\"container\">\n\t\t\t\t\t<div class=\"e-con-inner\">\n\t\t\t\t<div class=\"elementor-element elementor-element-1644f5b9 elementor-widget elementor-widget-text-editor\" data-id=\"1644f5b9\" data-element_type=\"widget\" data-e-type=\"widget\" data-widget_type=\"text-editor.default\">\n\t\t\t\t<div class=\"elementor-widget-container\">\n\t\t\t\t\t\t\t\t\t<p>CEO PRESTIGE TECH.<br \/><strong>Rafa Sanchez.<\/strong><\/p>\t\t\t\t\t\t\t\t<\/div>\n\t\t\t\t<\/div>\n\t\t\t\t\t<\/div>\n\t\t\t\t<\/div>\n\t\t<div class=\"elementor-element elementor-element-1fb0778b e-flex e-con-boxed e-con e-child\" data-id=\"1fb0778b\" data-element_type=\"container\" data-e-type=\"container\">\n\t\t\t\t\t<div class=\"e-con-inner\">\n\t\t\t\t<div class=\"elementor-element elementor-element-3331a3b2 elementor-widget elementor-widget-text-editor\" data-id=\"3331a3b2\" data-element_type=\"widget\" data-e-type=\"widget\" data-widget_type=\"text-editor.default\">\n\t\t\t\t<div class=\"elementor-widget-container\">\n\t\t\t\t\t\t\t\t\t<strong>www.evolveexperience.net <br> @evolve.experience<\/strong>\t\t\t\t\t\t\t\t<\/div>\n\t\t\t\t<\/div>\n\t\t\t\t\t<\/div>\n\t\t\t\t<\/div>\n\t\t\t\t<\/div>\n\t\t\t\t\t<\/div>\n\t\t\t\t<\/div>\n\t\t<div class=\"elementor-element elementor-element-dd5bfa8 e-flex e-con-boxed e-con e-parent\" data-id=\"dd5bfa8\" data-element_type=\"container\" data-e-type=\"container\">\n\t\t\t\t\t<div class=\"e-con-inner\">\n\t\t<div class=\"elementor-element elementor-element-bb9dbd5 e-con-full elementor-hidden-desktop elementor-hidden-tablet e-flex e-con e-child\" data-id=\"bb9dbd5\" data-element_type=\"container\" data-e-type=\"container\" data-settings=\"{&quot;background_background&quot;:&quot;classic&quot;}\">\n\t\t\t\t<div class=\"elementor-element elementor-element-17c410e elementor-widget__width-auto elementor-widget elementor-widget-text-editor\" data-id=\"17c410e\" data-element_type=\"widget\" data-e-type=\"widget\" data-widget_type=\"text-editor.default\">\n\t\t\t\t<div class=\"elementor-widget-container\">\n\t\t\t\t\t\t\t\t\t<p><span style=\"color: #ffffff;\"><a style=\"color: #ffffff;\" href=\"https:\/\/laulaucomunica.com\/en\/\">START<\/a><\/span><\/p>\t\t\t\t\t\t\t\t<\/div>\n\t\t\t\t<\/div>\n\t\t\t\t<div class=\"elementor-element elementor-element-f13704b elementor-widget__width-auto elementor-widget elementor-widget-text-editor\" data-id=\"f13704b\" data-element_type=\"widget\" data-e-type=\"widget\" data-widget_type=\"text-editor.default\">\n\t\t\t\t<div class=\"elementor-widget-container\">\n\t\t\t\t\t\t\t\t\t<a style=\"color: #ffffff;\" href=\"#servicios-popup\">SERVICES<\/a>\t\t\t\t\t\t\t\t<\/div>\n\t\t\t\t<\/div>\n\t\t\t\t<div class=\"elementor-element elementor-element-2cf45b9 elementor-widget__width-auto elementor-widget elementor-widget-text-editor\" data-id=\"2cf45b9\" data-element_type=\"widget\" data-e-type=\"widget\" data-widget_type=\"text-editor.default\">\n\t\t\t\t<div class=\"elementor-widget-container\">\n\t\t\t\t\t\t\t\t\t <a style=\"color: #ffffff;\" href=\"#proyectos-popup\">PROJECTS<\/a> \t\t\t\t\t\t\t\t<\/div>\n\t\t\t\t<\/div>\n\t\t\t\t<div class=\"elementor-element elementor-element-db88480 elementor-widget__width-auto elementor-widget elementor-widget-text-editor\" data-id=\"db88480\" data-element_type=\"widget\" data-e-type=\"widget\" data-widget_type=\"text-editor.default\">\n\t\t\t\t<div class=\"elementor-widget-container\">\n\t\t\t\t\t\t\t\t\t<a style=\"color: #ffffff;\" href=\"#equipo-popup\">EQUIPMENT<\/a>\t\t\t\t\t\t\t\t<\/div>\n\t\t\t\t<\/div>\n\t\t\t\t<div class=\"elementor-element elementor-element-8dfa1a4 elementor-widget__width-auto elementor-widget elementor-widget-text-editor\" data-id=\"8dfa1a4\" data-element_type=\"widget\" data-e-type=\"widget\" data-widget_type=\"text-editor.default\">\n\t\t\t\t<div class=\"elementor-widget-container\">\n\t\t\t\t\t\t\t\t\t<p><a style=\"color: #ffffff;\" href=\"#blog-popup\">BLOG<\/a><\/p>\t\t\t\t\t\t\t\t<\/div>\n\t\t\t\t<\/div>\n\t\t\t\t<div class=\"elementor-element elementor-element-d6a4a04 elementor-widget__width-auto elementor-widget elementor-widget-text-editor\" data-id=\"d6a4a04\" data-element_type=\"widget\" data-e-type=\"widget\" data-widget_type=\"text-editor.default\">\n\t\t\t\t<div class=\"elementor-widget-container\">\n\t\t\t\t\t\t\t\t\t<span style=\"color: #ffffff;\"><a style=\"color: #ffffff;\" href=\"#contacto-popup\">CONTACT<\/a> <\/span>\t\t\t\t\t\t\t\t<\/div>\n\t\t\t\t<\/div>\n\t\t\t\t<\/div>\n\t\t\t\t\t<\/div>\n\t\t\t\t<\/div>\n\t\t\t\t<\/div>","protected":false},"excerpt":{"rendered":"<p>TECH \u00b7 WELLNESS \u00b7 CONSCIENCIA Evolve by Prestige Tech. SERVICIOSPROYECTOSEQUIPO BLOG CONTACTO SAN DIEGO, CALIFORNIA. USA. 2023 \u2013 2024 Servicios. Revisi\u00f3n de estrategia de marca. Branding. Identidad Visual. Estrategia creativa y comunicacional del evento. Dise\u00f1o Web. Dise\u00f1o y montaje e-shop.Instagram Branding. Gesti\u00f3n de RRSS. Crear una estrategia creativa y una identidad visual que reflejara el [&hellip;]<\/p>\n","protected":false},"author":4,"featured_media":0,"parent":0,"menu_order":0,"comment_status":"closed","ping_status":"closed","template":"","meta":{"footnotes":""},"class_list":["post-939","page","type-page","status-publish","hentry"],"_links":{"self":[{"href":"https:\/\/laulaucomunica.com\/en\/wp-json\/wp\/v2\/pages\/939","targetHints":{"allow":["GET"]}}],"collection":[{"href":"https:\/\/laulaucomunica.com\/en\/wp-json\/wp\/v2\/pages"}],"about":[{"href":"https:\/\/laulaucomunica.com\/en\/wp-json\/wp\/v2\/types\/page"}],"author":[{"embeddable":true,"href":"https:\/\/laulaucomunica.com\/en\/wp-json\/wp\/v2\/users\/4"}],"replies":[{"embeddable":true,"href":"https:\/\/laulaucomunica.com\/en\/wp-json\/wp\/v2\/comments?post=939"}],"version-history":[{"count":107,"href":"https:\/\/laulaucomunica.com\/en\/wp-json\/wp\/v2\/pages\/939\/revisions"}],"predecessor-version":[{"id":3056,"href":"https:\/\/laulaucomunica.com\/en\/wp-json\/wp\/v2\/pages\/939\/revisions\/3056"}],"wp:attachment":[{"href":"https:\/\/laulaucomunica.com\/en\/wp-json\/wp\/v2\/media?parent=939"}],"curies":[{"name":"wp","href":"https:\/\/api.w.org\/{rel}","templated":true}]}}