{"id":1030,"date":"2024-08-19T08:02:08","date_gmt":"2024-08-19T08:02:08","guid":{"rendered":"https:\/\/laulaucomunica.com\/?page_id=1030"},"modified":"2025-09-17T10:42:15","modified_gmt":"2025-09-17T10:42:15","slug":"noelia-roma","status":"publish","type":"page","link":"https:\/\/laulaucomunica.com\/en\/noelia-roma\/","title":{"rendered":"Noelia Roma"},"content":{"rendered":"<div data-elementor-type=\"wp-page\" data-elementor-id=\"1030\" class=\"elementor elementor-1030\" data-elementor-post-type=\"page\">\n\t\t\t\t<div class=\"elementor-element elementor-element-c9f03ae e-con-full e-flex e-con e-parent\" data-id=\"c9f03ae\" data-element_type=\"container\" data-e-type=\"container\" data-settings=\"{&quot;background_background&quot;:&quot;classic&quot;}\">\n\t\t<div class=\"elementor-element elementor-element-237eb91 e-con-full e-flex e-con e-child\" data-id=\"237eb91\" data-element_type=\"container\" data-e-type=\"container\">\n\t\t\t\t<\/div>\n\t\t<div class=\"elementor-element elementor-element-8d10b4c e-con-full e-flex e-con e-child\" data-id=\"8d10b4c\" data-element_type=\"container\" data-e-type=\"container\">\n\t\t<div class=\"elementor-element elementor-element-40b791d e-flex e-con-boxed e-con e-child\" data-id=\"40b791d\" data-element_type=\"container\" data-e-type=\"container\">\n\t\t\t\t\t<div class=\"e-con-inner\">\n\t\t<div class=\"elementor-element elementor-element-84a9a43 e-flex e-con-boxed e-con e-child\" data-id=\"84a9a43\" data-element_type=\"container\" data-e-type=\"container\">\n\t\t\t\t\t<div class=\"e-con-inner\">\n\t\t\t\t<div class=\"elementor-element elementor-element-5c4a601 elementor-widget elementor-widget-text-editor\" data-id=\"5c4a601\" data-element_type=\"widget\" data-e-type=\"widget\" data-widget_type=\"text-editor.default\">\n\t\t\t\t<div class=\"elementor-widget-container\">\n\t\t\t\t\t\t\t\t\t<p class=\"p1\">PERSONAL BRAND AND NLP CONSULTANT<\/p>\t\t\t\t\t\t\t\t<\/div>\n\t\t\t\t<\/div>\n\t\t\t\t<div class=\"elementor-element elementor-element-c6631e3 elementor-widget elementor-widget-text-editor\" data-id=\"c6631e3\" data-element_type=\"widget\" data-e-type=\"widget\" data-widget_type=\"text-editor.default\">\n\t\t\t\t<div class=\"elementor-widget-container\">\n\t\t\t\t\t\t\t\t\t<p class=\"p1\">Noelia Roma<span style=\"color: #0bdcba;\">.<\/span><\/p>\t\t\t\t\t\t\t\t<\/div>\n\t\t\t\t<\/div>\n\t\t\t\t\t<\/div>\n\t\t\t\t<\/div>\n\t\t\t\t\t<\/div>\n\t\t\t\t<\/div>\n\t\t\t\t<\/div>\n\t\t<div class=\"elementor-element elementor-element-5bc9cec e-con-full elementor-hidden-mobile e-flex e-con e-child\" data-id=\"5bc9cec\" data-element_type=\"container\" data-e-type=\"container\" data-settings=\"{&quot;background_background&quot;:&quot;classic&quot;}\">\n\t\t\t\t<div class=\"elementor-element elementor-element-1613fd2 elementor-widget__width-auto elementor-widget elementor-widget-text-editor\" data-id=\"1613fd2\" data-element_type=\"widget\" data-e-type=\"widget\" data-widget_type=\"text-editor.default\">\n\t\t\t\t<div class=\"elementor-widget-container\">\n\t\t\t\t\t\t\t\t\t<a style=\"color: #ffffff;\" href=\"#servicios-popup\">SERVICES<\/a>\t\t\t\t\t\t\t\t<\/div>\n\t\t\t\t<\/div>\n\t\t\t\t<div class=\"elementor-element elementor-element-f3770f7 elementor-widget__width-auto elementor-widget elementor-widget-text-editor\" data-id=\"f3770f7\" data-element_type=\"widget\" data-e-type=\"widget\" data-widget_type=\"text-editor.default\">\n\t\t\t\t<div class=\"elementor-widget-container\">\n\t\t\t\t\t\t\t\t\t<a style=\"color: #ffffff;\" href=\"#proyectos-popup\">PROJECTS<\/a>\t\t\t\t\t\t\t\t<\/div>\n\t\t\t\t<\/div>\n\t\t\t\t<div class=\"elementor-element elementor-element-d3da506 elementor-widget__width-auto elementor-widget elementor-widget-text-editor\" data-id=\"d3da506\" data-element_type=\"widget\" data-e-type=\"widget\" data-widget_type=\"text-editor.default\">\n\t\t\t\t<div class=\"elementor-widget-container\">\n\t\t\t\t\t\t\t\t\t<a style=\"color: #ffffff;\" href=\"#equipo-popup\">EQUIPMENT<\/a>\t\t\t\t\t\t\t\t<\/div>\n\t\t\t\t<\/div>\n\t\t\t\t<div class=\"elementor-element elementor-element-b330532 elementor-widget__width-initial elementor-widget elementor-widget-text-editor\" data-id=\"b330532\" data-element_type=\"widget\" data-e-type=\"widget\" data-widget_type=\"text-editor.default\">\n\t\t\t\t<div class=\"elementor-widget-container\">\n\t\t\t\t\t\t\t\t\t<p><span style=\"color: #ffffff;\"><a style=\"color: #ffffff;\" href=\"#blog-popup\">BLOG<\/a> <\/span><\/p>\t\t\t\t\t\t\t\t<\/div>\n\t\t\t\t<\/div>\n\t\t\t\t<div class=\"elementor-element elementor-element-623caa4 elementor-widget__width-auto elementor-widget elementor-widget-text-editor\" data-id=\"623caa4\" data-element_type=\"widget\" data-e-type=\"widget\" data-widget_type=\"text-editor.default\">\n\t\t\t\t<div class=\"elementor-widget-container\">\n\t\t\t\t\t\t\t\t\t<span style=\"color: #ffffff;\"><a style=\"color: #ffffff;\" href=\"#contacto-popup\">CONTACT<\/a> <\/span>\t\t\t\t\t\t\t\t<\/div>\n\t\t\t\t<\/div>\n\t\t\t\t<\/div>\n\t\t\t\t<\/div>\n\t\t<div class=\"elementor-element elementor-element-102359e e-flex e-con-boxed e-con e-parent\" data-id=\"102359e\" data-element_type=\"container\" data-e-type=\"container\" data-settings=\"{&quot;background_background&quot;:&quot;classic&quot;}\">\n\t\t\t\t\t<div class=\"e-con-inner\">\n\t\t<div class=\"elementor-element elementor-element-b324b7d e-con-full e-flex e-con e-child\" data-id=\"b324b7d\" data-element_type=\"container\" data-e-type=\"container\">\n\t\t<div class=\"elementor-element elementor-element-583efff e-flex e-con-boxed e-con e-child\" data-id=\"583efff\" data-element_type=\"container\" data-e-type=\"container\" data-settings=\"{&quot;background_background&quot;:&quot;classic&quot;}\">\n\t\t\t\t\t<div class=\"e-con-inner\">\n\t\t\t\t\t<\/div>\n\t\t\t\t<\/div>\n\t\t\t\t<\/div>\n\t\t<div class=\"elementor-element elementor-element-ce850a4 e-flex e-con-boxed e-con e-child\" data-id=\"ce850a4\" data-element_type=\"container\" data-e-type=\"container\" data-settings=\"{&quot;background_background&quot;:&quot;classic&quot;}\">\n\t\t\t\t\t<div class=\"e-con-inner\">\n\t\t\t\t<div class=\"elementor-element elementor-element-f4949cc elementor-widget elementor-widget-text-editor\" data-id=\"f4949cc\" data-element_type=\"widget\" data-e-type=\"widget\" data-widget_type=\"text-editor.default\">\n\t\t\t\t<div class=\"elementor-widget-container\">\n\t\t\t\t\t\t\t\t\t<p>BARCELONA. 2023<\/p>\t\t\t\t\t\t\t\t<\/div>\n\t\t\t\t<\/div>\n\t\t\t\t<div class=\"elementor-element elementor-element-8f63a36 elementor-widget elementor-widget-text-editor\" data-id=\"8f63a36\" data-element_type=\"widget\" data-e-type=\"widget\" data-widget_type=\"text-editor.default\">\n\t\t\t\t<div class=\"elementor-widget-container\">\n\t\t\t\t\t\t\t\t\t<p>Services<span style=\"color: #fd1278;\">.<\/span><\/p>\t\t\t\t\t\t\t\t<\/div>\n\t\t\t\t<\/div>\n\t\t\t\t<div class=\"elementor-element elementor-element-c9d4616 elementor-widget elementor-widget-text-editor\" data-id=\"c9d4616\" data-element_type=\"widget\" data-e-type=\"widget\" data-widget_type=\"text-editor.default\">\n\t\t\t\t<div class=\"elementor-widget-container\">\n\t\t\t\t\t\t\t\t\tStrategy review <br> brand and creative. <br> Branding. Visual identity.<br> Instagram Branding.\t\t\t\t\t\t\t\t<\/div>\n\t\t\t\t<\/div>\n\t\t\t\t\t<\/div>\n\t\t\t\t<\/div>\n\t\t\t\t\t<\/div>\n\t\t\t\t<\/div>\n\t\t<div class=\"elementor-element elementor-element-2053ac5 e-con-full e-flex e-con e-parent\" data-id=\"2053ac5\" data-element_type=\"container\" data-e-type=\"container\" data-settings=\"{&quot;background_background&quot;:&quot;classic&quot;}\">\n\t\t<div class=\"elementor-element elementor-element-5554a1d e-con-full elementor-hidden-tablet elementor-hidden-mobile e-flex e-con e-child\" data-id=\"5554a1d\" data-element_type=\"container\" data-e-type=\"container\">\n\t\t\t\t<\/div>\n\t\t<div class=\"elementor-element elementor-element-b8a9cf9 e-con-full e-flex e-con e-child\" data-id=\"b8a9cf9\" data-element_type=\"container\" data-e-type=\"container\">\n\t\t\t\t<div class=\"elementor-element elementor-element-cff8284 elementor-hidden-desktop elementor-widget elementor-widget-image\" data-id=\"cff8284\" data-element_type=\"widget\" data-e-type=\"widget\" data-widget_type=\"image.default\">\n\t\t\t\t<div class=\"elementor-widget-container\">\n\t\t\t\t\t\t\t\t\t\t\t\t\t\t\t<img decoding=\"async\" width=\"400\" height=\"110\" data-src=\"https:\/\/laulaucomunica.com\/wp-content\/uploads\/2024\/06\/el-reto-.png\" class=\"attachment-large size-large wp-image-768 lazyload\" alt=\"\" data-srcset=\"https:\/\/laulaucomunica.com\/wp-content\/uploads\/2024\/06\/el-reto-.png 400w, https:\/\/laulaucomunica.com\/wp-content\/uploads\/2024\/06\/el-reto--300x83.png 300w\" data-sizes=\"(max-width: 400px) 100vw, 400px\" title=\"\" src=\"data:image\/svg+xml;base64,PHN2ZyB3aWR0aD0iMSIgaGVpZ2h0PSIxIiB4bWxucz0iaHR0cDovL3d3dy53My5vcmcvMjAwMC9zdmciPjwvc3ZnPg==\" style=\"--smush-placeholder-width: 400px; --smush-placeholder-aspect-ratio: 400\/110;\">\t\t\t\t\t\t\t\t\t\t\t\t\t\t\t<\/div>\n\t\t\t\t<\/div>\n\t\t\t\t<div class=\"elementor-element elementor-element-70e7800 elementor-widget elementor-widget-text-editor\" data-id=\"70e7800\" data-element_type=\"widget\" data-e-type=\"widget\" data-widget_type=\"text-editor.default\">\n\t\t\t\t<div class=\"elementor-widget-container\">\n\t\t\t\t\t\t\t\t\t<p>Create the identity and visual universe of Noelia Roma&#039;s personal brand, aligning them with her essence and purpose. This will generate impact, differentiation, and recognition, providing relevance across all her communication channels, including her website, social media, and newsletter.<\/p>\t\t\t\t\t\t\t\t<\/div>\n\t\t\t\t<\/div>\n\t\t\t\t<\/div>\n\t\t\t\t<\/div>\n\t\t<div class=\"elementor-element elementor-element-7db6e19 e-flex e-con-boxed e-con e-parent\" data-id=\"7db6e19\" data-element_type=\"container\" data-e-type=\"container\">\n\t\t\t\t\t<div class=\"e-con-inner\">\n\t\t\t\t<div class=\"elementor-element elementor-element-e3a2548 elementor-widget elementor-widget-image\" data-id=\"e3a2548\" data-element_type=\"widget\" data-e-type=\"widget\" data-widget_type=\"image.default\">\n\t\t\t\t<div class=\"elementor-widget-container\">\n\t\t\t\t\t\t\t\t\t\t\t\t\t\t\t<img fetchpriority=\"high\" decoding=\"async\" width=\"800\" height=\"450\" src=\"https:\/\/laulaucomunica.com\/wp-content\/uploads\/2024\/08\/iconografia-noeliaroma-laulau.jpg\" class=\"attachment-large size-large wp-image-1063\" alt=\"\" srcset=\"https:\/\/laulaucomunica.com\/wp-content\/uploads\/2024\/08\/iconografia-noeliaroma-laulau.jpg 900w, https:\/\/laulaucomunica.com\/wp-content\/uploads\/2024\/08\/iconografia-noeliaroma-laulau-600x337.jpg 600w, https:\/\/laulaucomunica.com\/wp-content\/uploads\/2024\/08\/iconografia-noeliaroma-laulau-300x169.jpg 300w, https:\/\/laulaucomunica.com\/wp-content\/uploads\/2024\/08\/iconografia-noeliaroma-laulau-768x432.jpg 768w\" sizes=\"(max-width: 800px) 100vw, 800px\" title=\"\">\t\t\t\t\t\t\t\t\t\t\t\t\t\t\t<\/div>\n\t\t\t\t<\/div>\n\t\t\t\t\t<\/div>\n\t\t\t\t<\/div>\n\t\t<div class=\"elementor-element elementor-element-790feba e-con-full e-flex e-con e-parent\" data-id=\"790feba\" data-element_type=\"container\" data-e-type=\"container\">\n\t\t<div class=\"elementor-element elementor-element-360b9eb e-con-full e-flex e-con e-child\" data-id=\"360b9eb\" data-element_type=\"container\" data-e-type=\"container\">\n\t\t\t\t<\/div>\n\t\t<div class=\"elementor-element elementor-element-9cb26ba e-con-full e-flex e-con e-child\" data-id=\"9cb26ba\" data-element_type=\"container\" data-e-type=\"container\">\n\t\t\t\t<div class=\"elementor-element elementor-element-a05dd61 elementor-hidden-desktop elementor-widget elementor-widget-image\" data-id=\"a05dd61\" data-element_type=\"widget\" data-e-type=\"widget\" data-widget_type=\"image.default\">\n\t\t\t\t<div class=\"elementor-widget-container\">\n\t\t\t\t\t\t\t\t\t\t\t\t\t\t\t<img decoding=\"async\" width=\"400\" height=\"110\" data-src=\"https:\/\/laulaucomunica.com\/wp-content\/uploads\/2024\/06\/lo-que-hicimos.png\" class=\"attachment-large size-large wp-image-781 lazyload\" alt=\"\" data-srcset=\"https:\/\/laulaucomunica.com\/wp-content\/uploads\/2024\/06\/lo-que-hicimos.png 400w, https:\/\/laulaucomunica.com\/wp-content\/uploads\/2024\/06\/lo-que-hicimos-300x83.png 300w\" data-sizes=\"(max-width: 400px) 100vw, 400px\" title=\"\" src=\"data:image\/svg+xml;base64,PHN2ZyB3aWR0aD0iMSIgaGVpZ2h0PSIxIiB4bWxucz0iaHR0cDovL3d3dy53My5vcmcvMjAwMC9zdmciPjwvc3ZnPg==\" style=\"--smush-placeholder-width: 400px; --smush-placeholder-aspect-ratio: 400\/110;\">\t\t\t\t\t\t\t\t\t\t\t\t\t\t\t<\/div>\n\t\t\t\t<\/div>\n\t\t\t\t<div class=\"elementor-element elementor-element-a1cced3 elementor-widget elementor-widget-text-editor\" data-id=\"a1cced3\" data-element_type=\"widget\" data-e-type=\"widget\" data-widget_type=\"text-editor.default\">\n\t\t\t\t<div class=\"elementor-widget-container\">\n\t\t\t\t\t\t\t\t\t<p>We designed a unique brand image based on the four natural elements: water, earth, air, and fire, reflecting their exploratory personality. We developed a creative strategy aligned with their essence and values and created a brand board to guide all their communication channels, including their website, newsletter, and even their workshops. We also designed a visual style for Instagram that connects with their identity, ensuring consistency throughout. Ready to stand out!<\/p>\t\t\t\t\t\t\t\t<\/div>\n\t\t\t\t<\/div>\n\t\t\t\t<\/div>\n\t\t\t\t<\/div>\n\t\t<div class=\"elementor-element elementor-element-1983bbb e-flex e-con-boxed e-con e-parent\" data-id=\"1983bbb\" data-element_type=\"container\" data-e-type=\"container\">\n\t\t\t\t\t<div class=\"e-con-inner\">\n\t\t\t\t<div class=\"elementor-element elementor-element-e097543 elementor-widget elementor-widget-image\" data-id=\"e097543\" data-element_type=\"widget\" data-e-type=\"widget\" data-widget_type=\"image.default\">\n\t\t\t\t<div class=\"elementor-widget-container\">\n\t\t\t\t\t\t\t\t\t\t\t\t\t\t\t<img decoding=\"async\" width=\"800\" height=\"587\" data-src=\"https:\/\/laulaucomunica.com\/wp-content\/uploads\/2024\/08\/ig-stories-noeliaroma.jpg\" class=\"attachment-large size-large wp-image-1182 lazyload\" alt=\"\" data-srcset=\"https:\/\/laulaucomunica.com\/wp-content\/uploads\/2024\/08\/ig-stories-noeliaroma.jpg 821w, https:\/\/laulaucomunica.com\/wp-content\/uploads\/2024\/08\/ig-stories-noeliaroma-600x440.jpg 600w, https:\/\/laulaucomunica.com\/wp-content\/uploads\/2024\/08\/ig-stories-noeliaroma-300x220.jpg 300w, https:\/\/laulaucomunica.com\/wp-content\/uploads\/2024\/08\/ig-stories-noeliaroma-768x563.jpg 768w\" data-sizes=\"(max-width: 800px) 100vw, 800px\" title=\"\" src=\"data:image\/svg+xml;base64,PHN2ZyB3aWR0aD0iMSIgaGVpZ2h0PSIxIiB4bWxucz0iaHR0cDovL3d3dy53My5vcmcvMjAwMC9zdmciPjwvc3ZnPg==\" style=\"--smush-placeholder-width: 800px; --smush-placeholder-aspect-ratio: 800\/587;\">\t\t\t\t\t\t\t\t\t\t\t\t\t\t\t<\/div>\n\t\t\t\t<\/div>\n\t\t\t\t\t<\/div>\n\t\t\t\t<\/div>\n\t\t<div class=\"elementor-element elementor-element-7604e32 e-flex e-con-boxed e-con e-parent\" data-id=\"7604e32\" data-element_type=\"container\" data-e-type=\"container\" data-settings=\"{&quot;background_background&quot;:&quot;classic&quot;}\">\n\t\t\t\t\t<div class=\"e-con-inner\">\n\t\t\t\t\t<\/div>\n\t\t\t\t<\/div>\n\t\t<div class=\"elementor-element elementor-element-b765990 e-flex e-con-boxed e-con e-parent\" data-id=\"b765990\" data-element_type=\"container\" data-e-type=\"container\">\n\t\t\t\t\t<div class=\"e-con-inner\">\n\t\t\t\t<div class=\"elementor-element elementor-element-dcf7033 elementor-widget elementor-widget-image\" data-id=\"dcf7033\" data-element_type=\"widget\" data-e-type=\"widget\" data-widget_type=\"image.default\">\n\t\t\t\t<div class=\"elementor-widget-container\">\n\t\t\t\t\t\t\t\t\t\t\t\t\t\t\t<img decoding=\"async\" width=\"800\" height=\"356\" data-src=\"https:\/\/laulaucomunica.com\/wp-content\/uploads\/2024\/08\/feed-noelia-roma.jpg\" class=\"attachment-large size-large wp-image-1196 lazyload\" alt=\"\" data-srcset=\"https:\/\/laulaucomunica.com\/wp-content\/uploads\/2024\/08\/feed-noelia-roma.jpg 1000w, https:\/\/laulaucomunica.com\/wp-content\/uploads\/2024\/08\/feed-noelia-roma-600x267.jpg 600w, https:\/\/laulaucomunica.com\/wp-content\/uploads\/2024\/08\/feed-noelia-roma-300x134.jpg 300w, https:\/\/laulaucomunica.com\/wp-content\/uploads\/2024\/08\/feed-noelia-roma-768x342.jpg 768w\" data-sizes=\"(max-width: 800px) 100vw, 800px\" title=\"\" src=\"data:image\/svg+xml;base64,PHN2ZyB3aWR0aD0iMSIgaGVpZ2h0PSIxIiB4bWxucz0iaHR0cDovL3d3dy53My5vcmcvMjAwMC9zdmciPjwvc3ZnPg==\" style=\"--smush-placeholder-width: 800px; --smush-placeholder-aspect-ratio: 800\/356;\">\t\t\t\t\t\t\t\t\t\t\t\t\t\t\t<\/div>\n\t\t\t\t<\/div>\n\t\t\t\t\t<\/div>\n\t\t\t\t<\/div>\n\t\t<div class=\"elementor-element elementor-element-fcda15e e-flex e-con-boxed e-con e-parent\" data-id=\"fcda15e\" data-element_type=\"container\" data-e-type=\"container\">\n\t\t\t\t\t<div class=\"e-con-inner\">\n\t\t\t\t<div class=\"elementor-element elementor-element-40100b7 elementor-widget elementor-widget-video\" data-id=\"40100b7\" data-element_type=\"widget\" data-e-type=\"widget\" data-settings=\"{&quot;video_type&quot;:&quot;hosted&quot;,&quot;autoplay&quot;:&quot;yes&quot;,&quot;play_on_mobile&quot;:&quot;yes&quot;,&quot;loop&quot;:&quot;yes&quot;}\" data-widget_type=\"video.default\">\n\t\t\t\t<div class=\"elementor-widget-container\">\n\t\t\t\t\t\t\t<div class=\"e-hosted-video elementor-wrapper elementor-open-inline\">\n\t\t\t\t\t<video class=\"elementor-video\" src=\"https:\/\/laulaucomunica.com\/wp-content\/uploads\/2024\/08\/Noe-Roma.mp4\" autoplay=\"\" loop=\"\" playsinline=\"\" controlslist=\"nodownload\"><\/video>\n\t\t\t\t<\/div>\n\t\t\t\t\t\t<\/div>\n\t\t\t\t<\/div>\n\t\t\t\t\t<\/div>\n\t\t\t\t<\/div>\n\t\t<div class=\"elementor-element elementor-element-052e918 e-flex e-con-boxed e-con e-parent\" data-id=\"052e918\" data-element_type=\"container\" data-e-type=\"container\" data-settings=\"{&quot;background_background&quot;:&quot;classic&quot;}\">\n\t\t\t\t\t<div class=\"e-con-inner\">\n\t\t\t\t<div class=\"elementor-element elementor-element-51c775d elementor-widget elementor-widget-text-editor\" data-id=\"51c775d\" data-element_type=\"widget\" data-e-type=\"widget\" data-widget_type=\"text-editor.default\">\n\t\t\t\t<div class=\"elementor-widget-container\">\n\t\t\t\t\t\t\t\t\t<p>&quot;I shared my ideas with LauLau Comunica, and from the very beginning, she knew how to give them the shape I needed. Each co-creation session together has been a space to play, design, and create what I dreamed of.&quot;<\/p>\t\t\t\t\t\t\t\t<\/div>\n\t\t\t\t<\/div>\n\t\t<div class=\"elementor-element elementor-element-64b9f86 e-con-full e-flex e-con e-child\" data-id=\"64b9f86\" data-element_type=\"container\" data-e-type=\"container\">\n\t\t<div class=\"elementor-element elementor-element-6e6a50b e-flex e-con-boxed e-con e-child\" data-id=\"6e6a50b\" data-element_type=\"container\" data-e-type=\"container\">\n\t\t\t\t\t<div class=\"e-con-inner\">\n\t\t\t\t<div class=\"elementor-element elementor-element-b614ff7 elementor-widget elementor-widget-text-editor\" data-id=\"b614ff7\" data-element_type=\"widget\" data-e-type=\"widget\" data-widget_type=\"text-editor.default\">\n\t\t\t\t<div class=\"elementor-widget-container\">\n\t\t\t\t\t\t\t\t\t<p>PERSONAL BRAND CONSULTANT<br \/><strong>Noelia Roma.<\/strong><\/p>\t\t\t\t\t\t\t\t<\/div>\n\t\t\t\t<\/div>\n\t\t\t\t\t<\/div>\n\t\t\t\t<\/div>\n\t\t<div class=\"elementor-element elementor-element-d48b7e1 e-flex e-con-boxed e-con e-child\" data-id=\"d48b7e1\" data-element_type=\"container\" data-e-type=\"container\">\n\t\t\t\t\t<div class=\"e-con-inner\">\n\t\t\t\t<div class=\"elementor-element elementor-element-515ef66 elementor-widget elementor-widget-text-editor\" data-id=\"515ef66\" data-element_type=\"widget\" data-e-type=\"widget\" data-widget_type=\"text-editor.default\">\n\t\t\t\t<div class=\"elementor-widget-container\">\n\t\t\t\t\t\t\t\t\t<p><strong>www.soynoeliaroma.com @soynoeliaroma<\/strong><\/p>\t\t\t\t\t\t\t\t<\/div>\n\t\t\t\t<\/div>\n\t\t\t\t\t<\/div>\n\t\t\t\t<\/div>\n\t\t\t\t<\/div>\n\t\t\t\t\t<\/div>\n\t\t\t\t<\/div>\n\t\t<div class=\"elementor-element elementor-element-697a0c0 e-flex e-con-boxed e-con e-parent\" data-id=\"697a0c0\" data-element_type=\"container\" data-e-type=\"container\">\n\t\t\t\t\t<div class=\"e-con-inner\">\n\t\t<div class=\"elementor-element elementor-element-fd1d827 e-con-full elementor-hidden-desktop elementor-hidden-tablet e-flex e-con e-child\" data-id=\"fd1d827\" data-element_type=\"container\" data-e-type=\"container\" data-settings=\"{&quot;background_background&quot;:&quot;classic&quot;}\">\n\t\t\t\t<div class=\"elementor-element elementor-element-3e25a15 elementor-widget__width-auto elementor-widget elementor-widget-text-editor\" data-id=\"3e25a15\" data-element_type=\"widget\" data-e-type=\"widget\" data-widget_type=\"text-editor.default\">\n\t\t\t\t<div class=\"elementor-widget-container\">\n\t\t\t\t\t\t\t\t\t<p><span style=\"color: #ffffff;\"><a style=\"color: #ffffff;\" href=\"https:\/\/laulaucomunica.com\/en\/\">START<\/a><\/span><\/p>\t\t\t\t\t\t\t\t<\/div>\n\t\t\t\t<\/div>\n\t\t\t\t<div class=\"elementor-element elementor-element-b868f4f elementor-widget__width-auto elementor-widget elementor-widget-text-editor\" data-id=\"b868f4f\" data-element_type=\"widget\" data-e-type=\"widget\" data-widget_type=\"text-editor.default\">\n\t\t\t\t<div class=\"elementor-widget-container\">\n\t\t\t\t\t\t\t\t\t<a style=\"color: #ffffff;\" href=\"#servicios-popup\">SERVICES<\/a>\t\t\t\t\t\t\t\t<\/div>\n\t\t\t\t<\/div>\n\t\t\t\t<div class=\"elementor-element elementor-element-7e4971f elementor-widget__width-auto elementor-widget elementor-widget-text-editor\" data-id=\"7e4971f\" data-element_type=\"widget\" data-e-type=\"widget\" data-widget_type=\"text-editor.default\">\n\t\t\t\t<div class=\"elementor-widget-container\">\n\t\t\t\t\t\t\t\t\t <a style=\"color: #ffffff;\" href=\"#proyectos-popup\">PROJECTS<\/a> \t\t\t\t\t\t\t\t<\/div>\n\t\t\t\t<\/div>\n\t\t\t\t<div class=\"elementor-element elementor-element-6a479b5 elementor-widget__width-auto elementor-widget elementor-widget-text-editor\" data-id=\"6a479b5\" data-element_type=\"widget\" data-e-type=\"widget\" data-widget_type=\"text-editor.default\">\n\t\t\t\t<div class=\"elementor-widget-container\">\n\t\t\t\t\t\t\t\t\t<a style=\"color: #ffffff;\" href=\"#equipo-popup\">EQUIPMENT<\/a>\t\t\t\t\t\t\t\t<\/div>\n\t\t\t\t<\/div>\n\t\t\t\t<div class=\"elementor-element elementor-element-20d17c8 elementor-widget__width-auto elementor-widget elementor-widget-text-editor\" data-id=\"20d17c8\" data-element_type=\"widget\" data-e-type=\"widget\" data-widget_type=\"text-editor.default\">\n\t\t\t\t<div class=\"elementor-widget-container\">\n\t\t\t\t\t\t\t\t\t<p><a style=\"color: #ffffff;\" href=\"#blog-popup\">BLOG<\/a><\/p>\t\t\t\t\t\t\t\t<\/div>\n\t\t\t\t<\/div>\n\t\t\t\t<div class=\"elementor-element elementor-element-5a7de49 elementor-widget__width-auto elementor-widget elementor-widget-text-editor\" data-id=\"5a7de49\" data-element_type=\"widget\" data-e-type=\"widget\" data-widget_type=\"text-editor.default\">\n\t\t\t\t<div class=\"elementor-widget-container\">\n\t\t\t\t\t\t\t\t\t<span style=\"color: #ffffff;\"><a style=\"color: #ffffff;\" href=\"#contacto-popup\">CONTACT<\/a> <\/span>\t\t\t\t\t\t\t\t<\/div>\n\t\t\t\t<\/div>\n\t\t\t\t<\/div>\n\t\t\t\t\t<\/div>\n\t\t\t\t<\/div>\n\t\t\t\t<\/div>","protected":false},"excerpt":{"rendered":"<p>CONSULTORA DE MARCA PERSONAL I PNL Noelia Roma. SERVICIOSPROYECTOSEQUIPO BLOG CONTACTO BARCELONA. 2023 Servicios. Revisi\u00f3n de estrategia de marca y creativa. Branding. Identidad visual. Instagram Branding. Crear la identidad y el universo visual de la marca personal de Noelia Roma, aline\u00e1ndolos con su esencia y prop\u00f3sito. Para generar impacto, diferenciaci\u00f3n y reconocimiento, otorgando relevancia en [&hellip;]<\/p>\n","protected":false},"author":4,"featured_media":0,"parent":0,"menu_order":0,"comment_status":"closed","ping_status":"closed","template":"","meta":{"footnotes":""},"class_list":["post-1030","page","type-page","status-publish","hentry"],"_links":{"self":[{"href":"https:\/\/laulaucomunica.com\/en\/wp-json\/wp\/v2\/pages\/1030","targetHints":{"allow":["GET"]}}],"collection":[{"href":"https:\/\/laulaucomunica.com\/en\/wp-json\/wp\/v2\/pages"}],"about":[{"href":"https:\/\/laulaucomunica.com\/en\/wp-json\/wp\/v2\/types\/page"}],"author":[{"embeddable":true,"href":"https:\/\/laulaucomunica.com\/en\/wp-json\/wp\/v2\/users\/4"}],"replies":[{"embeddable":true,"href":"https:\/\/laulaucomunica.com\/en\/wp-json\/wp\/v2\/comments?post=1030"}],"version-history":[{"count":197,"href":"https:\/\/laulaucomunica.com\/en\/wp-json\/wp\/v2\/pages\/1030\/revisions"}],"predecessor-version":[{"id":3063,"href":"https:\/\/laulaucomunica.com\/en\/wp-json\/wp\/v2\/pages\/1030\/revisions\/3063"}],"wp:attachment":[{"href":"https:\/\/laulaucomunica.com\/en\/wp-json\/wp\/v2\/media?parent=1030"}],"curies":[{"name":"wp","href":"https:\/\/api.w.org\/{rel}","templated":true}]}}